{"id":79,"date":"2020-03-03T07:21:51","date_gmt":"2020-03-03T06:21:51","guid":{"rendered":"https:\/\/splotcowork.pl\/?page_id=79"},"modified":"2025-10-24T17:10:58","modified_gmt":"2025-10-24T15:10:58","slug":"about","status":"publish","type":"page","link":"https:\/\/splotcowork.pl\/?page_id=79","title":{"rendered":"Nasza Misja"},"content":{"rendered":"\t\t<div data-elementor-type=\"wp-page\" data-elementor-id=\"79\" class=\"elementor elementor-79\">\n\t\t\t\t<div class=\"aux-parallax-section elementor-element elementor-element-324967c e-flex e-con-boxed wpr-particle-no wpr-jarallax-no wpr-parallax-no wpr-sticky-section-no e-con e-parent\" data-id=\"324967c\" data-element_type=\"container\">\n\t\t\t\t\t<div class=\"e-con-inner\">\n\t\t<div class=\"elementor-element elementor-element-dfb99db e-con-full e-flex wpr-particle-no wpr-jarallax-no wpr-parallax-no wpr-sticky-section-no e-con e-child\" data-id=\"dfb99db\" data-element_type=\"container\">\n\t\t\t\t<div class=\"elementor-element elementor-element-f392c33 aux-appear-watch-animation aux-mask-from-left elementor-widget elementor-widget-aux_image\" data-id=\"f392c33\" data-element_type=\"widget\" data-widget_type=\"aux_image.default\">\n\t\t\t\t<div class=\"elementor-widget-container\">\n\t\t\t\t\t<section class=\"widget-container aux-widget-image aux-alignnone aux-parent-au37d6ec1d\">\n    <div class=\"aux-media-hint-frame \">\n        <div class=\"aux-media-image \" >\n        \n            \n\n            \n                        \n                <\/div>\n    <\/div>\n\n<\/section><!-- widget-container -->\t\t\t\t<\/div>\n\t\t\t\t<\/div>\n\t\t\t\t<\/div>\n\t\t\t\t\t<\/div>\n\t\t\t\t<\/div>\n\t\t<div class=\"aux-parallax-section elementor-element elementor-element-5e3ac67 elementor-hidden-desktop e-flex e-con-boxed wpr-particle-no wpr-jarallax-no wpr-parallax-no wpr-sticky-section-no e-con e-parent\" data-id=\"5e3ac67\" data-element_type=\"container\" data-settings=\"{&quot;background_background&quot;:&quot;classic&quot;}\">\n\t\t\t\t\t<div class=\"e-con-inner\">\n\t\t<div class=\"elementor-element elementor-element-344848b e-con-full e-flex wpr-particle-no wpr-jarallax-no wpr-parallax-no wpr-sticky-section-no e-con e-child\" data-id=\"344848b\" data-element_type=\"container\">\n\t\t\t\t<div class=\"elementor-element elementor-element-1718748e elementor-hidden-tablet elementor-hidden-mobile elementor-widget elementor-widget-image\" data-id=\"1718748e\" data-element_type=\"widget\" data-widget_type=\"image.default\">\n\t\t\t\t<div class=\"elementor-widget-container\">\n\t\t\t\t\t\t\t\t\t\t\t\t\t\t\t<img fetchpriority=\"high\" decoding=\"async\" width=\"1024\" height=\"1024\" src=\"https:\/\/splotcowork.pl\/wp-content\/uploads\/2025\/10\/DSC00898-1024x1024.jpg\" class=\"attachment-large size-large wp-image-332\" alt=\"\" srcset=\"https:\/\/splotcowork.pl\/wp-content\/uploads\/2025\/10\/DSC00898-1024x1024.jpg 1024w, https:\/\/splotcowork.pl\/wp-content\/uploads\/2025\/10\/DSC00898-300x300.jpg 300w, https:\/\/splotcowork.pl\/wp-content\/uploads\/2025\/10\/DSC00898-150x150.jpg 150w, https:\/\/splotcowork.pl\/wp-content\/uploads\/2025\/10\/DSC00898-768x768.jpg 768w\" sizes=\"(max-width: 1024px) 100vw, 1024px\" \/>\t\t\t\t\t\t\t\t\t\t\t\t\t\t\t<\/div>\n\t\t\t\t<\/div>\n\t\t\t\t<div class=\"elementor-element elementor-element-bd0eff3 elementor-widget elementor-widget-spacer\" data-id=\"bd0eff3\" data-element_type=\"widget\" data-widget_type=\"spacer.default\">\n\t\t\t\t<div class=\"elementor-widget-container\">\n\t\t\t\t\t\t\t<div class=\"elementor-spacer\">\n\t\t\t<div class=\"elementor-spacer-inner\"><\/div>\n\t\t<\/div>\n\t\t\t\t\t\t<\/div>\n\t\t\t\t<\/div>\n\t\t\t\t<\/div>\n\t\t<div class=\"elementor-element elementor-element-7b4fe8b8 e-con-full e-flex wpr-particle-no wpr-jarallax-no wpr-parallax-no wpr-sticky-section-no e-con e-child\" data-id=\"7b4fe8b8\" data-element_type=\"container\">\n\t\t\t\t<div class=\"elementor-element elementor-element-5ecfec19 aux-appear-watch-animation aux-fade-in-right-2 elementor-widget elementor-widget-aux_modern_heading\" data-id=\"5ecfec19\" data-element_type=\"widget\" data-widget_type=\"aux_modern_heading.default\">\n\t\t\t\t<div class=\"elementor-widget-container\">\n\t\t\t\t\t<section class=\"aux-widget-modern-heading\">\n            <div class=\"aux-widget-inner\"><h2 class=\"aux-modern-heading-primary\"><\/h2><h3 class=\"aux-modern-heading-secondary\"><span class=\"aux-head-highlight\">Inicjatywa <\/span><span class=\"aux-head-after\">SPLOT<\/span><\/h3><div class=\"aux-modern-heading-description\"><p class=\"cvGsUA direction-ltr align-justify para-style-body\"><span class=\"a_GcMg font-feature-liga-off font-feature-clig-off font-feature-calt-off text-decoration-none text-strikethrough-none\">Od paru lat obserwujemy zmian\u0119. Zmienia si\u0119 styl \u017cycia oraz styl pracy. Pracuj\u0105c jako solo-przedsi\u0119biorca lub zdalnie na home office zapominamy jak wa\u017cny w \u017cyciu jest kontakt z drugim cz\u0142owiekiem. Networking, wsparcie, rozmowa.<\/span><\/p><p><span class=\"a_GcMg font-feature-liga-off font-feature-clig-off font-feature-calt-off text-decoration-none text-strikethrough-none\">Praca w wielkich przestrzeniach i 24\/7 to ju\u017c powoli przesz\u0142o\u015b\u0107. By kreowa\u0107 swoje \u017cycie, r\u00f3wnie\u017c zawodowe nale\u017cy dba\u0107 o przestrze\u0144, w kt\u00f3rej si\u0119 pracuje, oraz godziny pracy. Tak by mie\u0107 r\u00f3wnie\u017c przestrze\u0144 na rozw\u00f3j i odpoczynek.<\/span><\/p><\/div><\/div>\n        <\/section>\t\t\t\t<\/div>\n\t\t\t\t<\/div>\n\t\t\t\t<div class=\"elementor-element elementor-element-3c4c377a elementor-widget__width-auto aux-appear-watch-animation aux-fade-in-up elementor-widget elementor-widget-aux_modern_button\" data-id=\"3c4c377a\" data-element_type=\"widget\" data-widget_type=\"aux_modern_button.default\">\n\t\t\t\t<div class=\"elementor-widget-container\">\n\t\t\t\t\t    <div class=\"aux-modern-button-wrapper aux-modern-button-align-left\" >\n                    <a class=\"aux-modern-button aux-black aux-modern-button-md aux-modern-button-normal aux-modern-button-default aux-icon-right\" href=\"https:\/\/pdflink.to\/77d6faa5\/\">\n                <div class=\"aux-overlay\"><\/div>\n                                    <div class=\"aux-icon \">\n                        <i aria-hidden=\"true\" class=\"auxicon2 auxicon2-arrow-thin-right\"><\/i>                    <\/div>\n                                <div class=\"aux-text\">\n<span class=\"aux-text-before\">SPRAWD\u0179 CENNIK<\/span>                <\/div>\n            <\/a>\n            \n    <\/div>\n\n    \t\t\t\t<\/div>\n\t\t\t\t<\/div>\n\t\t\t\t<\/div>\n\t\t\t\t\t<\/div>\n\t\t\t\t<\/div>\n\t\t<div class=\"aux-parallax-section elementor-element elementor-element-bf6512c e-flex e-con-boxed wpr-particle-no wpr-jarallax-no wpr-parallax-no wpr-sticky-section-no e-con e-parent\" data-id=\"bf6512c\" data-element_type=\"container\">\n\t\t\t\t\t<div class=\"e-con-inner\">\n\t\t\t\t<div class=\"elementor-element elementor-element-c802f04 elementor-hidden-desktop elementor-widget elementor-widget-image\" data-id=\"c802f04\" data-element_type=\"widget\" data-widget_type=\"image.default\">\n\t\t\t\t<div class=\"elementor-widget-container\">\n\t\t\t\t\t\t\t\t\t\t\t\t\t\t\t<img fetchpriority=\"high\" decoding=\"async\" width=\"1024\" height=\"1024\" src=\"https:\/\/splotcowork.pl\/wp-content\/uploads\/2025\/10\/DSC00898-1024x1024.jpg\" class=\"attachment-large size-large wp-image-332\" alt=\"\" srcset=\"https:\/\/splotcowork.pl\/wp-content\/uploads\/2025\/10\/DSC00898-1024x1024.jpg 1024w, https:\/\/splotcowork.pl\/wp-content\/uploads\/2025\/10\/DSC00898-300x300.jpg 300w, https:\/\/splotcowork.pl\/wp-content\/uploads\/2025\/10\/DSC00898-150x150.jpg 150w, https:\/\/splotcowork.pl\/wp-content\/uploads\/2025\/10\/DSC00898-768x768.jpg 768w\" sizes=\"(max-width: 1024px) 100vw, 1024px\" \/>\t\t\t\t\t\t\t\t\t\t\t\t\t\t\t<\/div>\n\t\t\t\t<\/div>\n\t\t\t\t\t<\/div>\n\t\t\t\t<\/div>\n\t\t<div class=\"aux-parallax-section elementor-element elementor-element-70ff874 elementor-hidden-tablet elementor-hidden-mobile e-flex e-con-boxed wpr-particle-no wpr-jarallax-no wpr-parallax-no wpr-sticky-section-no e-con e-parent\" data-id=\"70ff874\" data-element_type=\"container\" data-settings=\"{&quot;background_background&quot;:&quot;classic&quot;}\">\n\t\t\t\t\t<div class=\"e-con-inner\">\n\t\t<div class=\"elementor-element elementor-element-df6bf69 e-con-full e-flex wpr-particle-no wpr-jarallax-no wpr-parallax-no wpr-sticky-section-no e-con e-child\" data-id=\"df6bf69\" data-element_type=\"container\">\n\t\t\t\t<div class=\"elementor-element elementor-element-80e5385 elementor-hidden-tablet elementor-hidden-mobile elementor-widget elementor-widget-image\" data-id=\"80e5385\" data-element_type=\"widget\" data-widget_type=\"image.default\">\n\t\t\t\t<div class=\"elementor-widget-container\">\n\t\t\t\t\t\t\t\t\t\t\t\t\t\t\t<img fetchpriority=\"high\" decoding=\"async\" width=\"1024\" height=\"1024\" src=\"https:\/\/splotcowork.pl\/wp-content\/uploads\/2025\/10\/DSC00898-1024x1024.jpg\" class=\"attachment-large size-large wp-image-332\" alt=\"\" srcset=\"https:\/\/splotcowork.pl\/wp-content\/uploads\/2025\/10\/DSC00898-1024x1024.jpg 1024w, https:\/\/splotcowork.pl\/wp-content\/uploads\/2025\/10\/DSC00898-300x300.jpg 300w, https:\/\/splotcowork.pl\/wp-content\/uploads\/2025\/10\/DSC00898-150x150.jpg 150w, https:\/\/splotcowork.pl\/wp-content\/uploads\/2025\/10\/DSC00898-768x768.jpg 768w\" sizes=\"(max-width: 1024px) 100vw, 1024px\" \/>\t\t\t\t\t\t\t\t\t\t\t\t\t\t\t<\/div>\n\t\t\t\t<\/div>\n\t\t\t\t<div class=\"elementor-element elementor-element-c2164b3 elementor-widget elementor-widget-spacer\" data-id=\"c2164b3\" data-element_type=\"widget\" data-widget_type=\"spacer.default\">\n\t\t\t\t<div class=\"elementor-widget-container\">\n\t\t\t\t\t\t\t<div class=\"elementor-spacer\">\n\t\t\t<div class=\"elementor-spacer-inner\"><\/div>\n\t\t<\/div>\n\t\t\t\t\t\t<\/div>\n\t\t\t\t<\/div>\n\t\t\t\t<\/div>\n\t\t<div class=\"elementor-element elementor-element-48bc241 e-con-full e-flex wpr-particle-no wpr-jarallax-no wpr-parallax-no wpr-sticky-section-no e-con e-child\" data-id=\"48bc241\" data-element_type=\"container\">\n\t\t\t\t<div class=\"elementor-element elementor-element-ff77a8e aux-appear-watch-animation aux-fade-in-right-2 elementor-widget elementor-widget-aux_modern_heading\" data-id=\"ff77a8e\" data-element_type=\"widget\" data-widget_type=\"aux_modern_heading.default\">\n\t\t\t\t<div class=\"elementor-widget-container\">\n\t\t\t\t\t<section class=\"aux-widget-modern-heading\">\n            <div class=\"aux-widget-inner\"><h2 class=\"aux-modern-heading-primary\"><\/h2><h3 class=\"aux-modern-heading-secondary\"><span class=\"aux-head-highlight\">Inicjatywa <\/span><span class=\"aux-head-after\">SPLOT<\/span><\/h3><div class=\"aux-modern-heading-description\"><p class=\"cvGsUA direction-ltr align-justify para-style-body\"><span class=\"a_GcMg font-feature-liga-off font-feature-clig-off font-feature-calt-off text-decoration-none text-strikethrough-none\">Od paru lat obserwujemy zmian\u0119. Zmienia si\u0119 styl \u017cycia oraz styl pracy. Pracuj\u0105c jako solo-przedsi\u0119biorca lub zdalnie na home office zapominamy jak wa\u017cny w \u017cyciu jest kontakt z drugim cz\u0142owiekiem. Networking, wsparcie, rozmowa.<\/span><\/p><p><span class=\"a_GcMg font-feature-liga-off font-feature-clig-off font-feature-calt-off text-decoration-none text-strikethrough-none\">Praca w wielkich przestrzeniach i 24\/7 to ju\u017c powoli przesz\u0142o\u015b\u0107. By kreowa\u0107 swoje \u017cycie, r\u00f3wnie\u017c zawodowe nale\u017cy dba\u0107 o przestrze\u0144, w kt\u00f3rej si\u0119 pracuje, oraz godziny pracy. Tak by mie\u0107 r\u00f3wnie\u017c przestrze\u0144 na rozw\u00f3j i odpoczynek.<\/span><\/p><\/div><\/div>\n        <\/section>\t\t\t\t<\/div>\n\t\t\t\t<\/div>\n\t\t\t\t<div class=\"elementor-element elementor-element-542c5fc elementor-widget__width-auto aux-appear-watch-animation aux-fade-in-up elementor-widget elementor-widget-aux_modern_button\" data-id=\"542c5fc\" data-element_type=\"widget\" data-widget_type=\"aux_modern_button.default\">\n\t\t\t\t<div class=\"elementor-widget-container\">\n\t\t\t\t\t    <div class=\"aux-modern-button-wrapper aux-modern-button-align-left\" >\n                    <a class=\"aux-modern-button aux-black aux-modern-button-md aux-modern-button-normal aux-modern-button-default aux-icon-right\" href=\"https:\/\/pdflink.to\/77d6faa5\/\">\n                <div class=\"aux-overlay\"><\/div>\n                                    <div class=\"aux-icon \">\n                        <i aria-hidden=\"true\" class=\"auxicon2 auxicon2-arrow-thin-right\"><\/i>                    <\/div>\n                                <div class=\"aux-text\">\n<span class=\"aux-text-before\">SPRAWD\u0179 CENNIK<\/span>                <\/div>\n            <\/a>\n            \n    <\/div>\n\n    \t\t\t\t<\/div>\n\t\t\t\t<\/div>\n\t\t\t\t<\/div>\n\t\t\t\t\t<\/div>\n\t\t\t\t<\/div>\n\t\t\t\t<\/div>\n\t\t","protected":false},"excerpt":{"rendered":"<p>Inicjatywa SPLOT Od paru lat obserwujemy zmian\u0119. Zmienia si\u0119 styl \u017cycia oraz styl pracy. Pracuj\u0105c jako solo-przedsi\u0119biorca lub zdalnie na home office zapominamy jak wa\u017cny w \u017cyciu jest kontakt z drugim cz\u0142owiekiem. Networking, wsparcie, rozmowa. Praca w wielkich przestrzeniach i 24\/7 to ju\u017c powoli przesz\u0142o\u015b\u0107. By kreowa\u0107 swoje \u017cycie, r\u00f3wnie\u017c zawodowe nale\u017cy dba\u0107 o przestrze\u0144, w kt\u00f3rej si\u0119 pracuje, oraz godziny pracy. Tak by mie\u0107 r\u00f3wnie\u017c przestrze\u0144 na rozw\u00f3j i odpoczynek. SPRAWD\u0179 CENNIK Inicjatywa SPLOT Od paru lat obserwujemy zmian\u0119. Zmienia si\u0119 styl \u017cycia oraz styl pracy. Pracuj\u0105c jako solo-przedsi\u0119biorca lub zdalnie na home office zapominamy jak wa\u017cny w \u017cyciu jest kontakt z drugim cz\u0142owiekiem. Networking, wsparcie, rozmowa. Praca w wielkich przestrzeniach i 24\/7 to ju\u017c powoli przesz\u0142o\u015b\u0107. By kreowa\u0107 swoje \u017cycie, r\u00f3wnie\u017c zawodowe nale\u017cy dba\u0107 o przestrze\u0144, w kt\u00f3rej si\u0119 pracuje, oraz godziny pracy. Tak by mie\u0107 r\u00f3wnie\u017c przestrze\u0144 na rozw\u00f3j i odpoczynek. SPRAWD\u0179 CENNIK<\/p>\n","protected":false},"author":1,"featured_media":0,"parent":0,"menu_order":0,"comment_status":"closed","ping_status":"closed","template":"","meta":{"footnotes":""},"class_list":["post-79","page","type-page","status-publish","hentry"],"_links":{"self":[{"href":"https:\/\/splotcowork.pl\/index.php?rest_route=\/wp\/v2\/pages\/79","targetHints":{"allow":["GET"]}}],"collection":[{"href":"https:\/\/splotcowork.pl\/index.php?rest_route=\/wp\/v2\/pages"}],"about":[{"href":"https:\/\/splotcowork.pl\/index.php?rest_route=\/wp\/v2\/types\/page"}],"author":[{"embeddable":true,"href":"https:\/\/splotcowork.pl\/index.php?rest_route=\/wp\/v2\/users\/1"}],"replies":[{"embeddable":true,"href":"https:\/\/splotcowork.pl\/index.php?rest_route=%2Fwp%2Fv2%2Fcomments&post=79"}],"version-history":[{"count":35,"href":"https:\/\/splotcowork.pl\/index.php?rest_route=\/wp\/v2\/pages\/79\/revisions"}],"predecessor-version":[{"id":882,"href":"https:\/\/splotcowork.pl\/index.php?rest_route=\/wp\/v2\/pages\/79\/revisions\/882"}],"wp:attachment":[{"href":"https:\/\/splotcowork.pl\/index.php?rest_route=%2Fwp%2Fv2%2Fmedia&parent=79"}],"curies":[{"name":"wp","href":"https:\/\/api.w.org\/{rel}","templated":true}]}}