{"id":816,"date":"2025-10-24T12:50:34","date_gmt":"2025-10-24T10:50:34","guid":{"rendered":"https:\/\/splotcowork.pl\/?page_id=816"},"modified":"2025-10-24T12:51:30","modified_gmt":"2025-10-24T10:51:30","slug":"regulamin","status":"publish","type":"page","link":"https:\/\/splotcowork.pl\/?page_id=816","title":{"rendered":"Regulamin"},"content":{"rendered":"\t\t<div data-elementor-type=\"wp-page\" data-elementor-id=\"816\" class=\"elementor elementor-816\">\n\t\t\t\t<div class=\"aux-parallax-section elementor-element elementor-element-79cf2d6 e-flex e-con-boxed wpr-particle-no wpr-jarallax-no wpr-parallax-no wpr-sticky-section-no e-con e-parent\" data-id=\"79cf2d6\" data-element_type=\"container\">\n\t\t\t\t\t<div class=\"e-con-inner\">\n\t\t\t\t<div class=\"elementor-element elementor-element-511d45b elementor-widget elementor-widget-heading\" data-id=\"511d45b\" data-element_type=\"widget\" data-widget_type=\"heading.default\">\n\t\t\t\t<div class=\"elementor-widget-container\">\n\t\t\t\t\t<h2 class=\"elementor-heading-title elementor-size-default\">REGULAMIN KORZYSTANIA Z PRZESTRZENI COWORKINGOWEJ\u00a0<\/h2>\t\t\t\t<\/div>\n\t\t\t\t<\/div>\n\t\t\t\t<div class=\"elementor-element elementor-element-2807bbf elementor-widget elementor-widget-text-editor\" data-id=\"2807bbf\" data-element_type=\"widget\" data-widget_type=\"text-editor.default\">\n\t\t\t\t<div class=\"elementor-widget-container\">\n\t\t\t\t\t\t\t\t\t<p aria-level=\"1\"><b><span data-contrast=\"none\">\u00a71 Postanowienia og\u00f3lne<\/span><\/b><span data-ccp-props=\"{&quot;134245418&quot;:true,&quot;134245529&quot;:true,&quot;335559738&quot;:480,&quot;335559739&quot;:0}\">\u00a0<\/span><\/p><ol><li><span data-contrast=\"auto\"> Niniejszy regulamin okre\u015bla zasady korzystania z przestrzeni coworkingowej udost\u0119pnionej przez Us\u0142ugodawc\u0119.<\/span><br \/><span data-contrast=\"auto\">2. Ka\u017cdy u\u017cytkownik korzystaj\u0105cy z przestrzeni coworkingowej zobowi\u0105zany jest do przestrzegania niniejszego regulaminu.<\/span><br \/><span data-contrast=\"auto\">3. Przestrze\u0144 coworkingowa przeznaczona jest do cichej pracy indywidualnej lub zespo\u0142owej, zgodnie z jej charakterem.<\/span><span data-ccp-props=\"{}\">\u00a0<\/span><\/li><\/ol><p aria-level=\"1\"><b><span data-contrast=\"none\">\u00a72 Godziny dost\u0119pno\u015bci<\/span><\/b><span data-ccp-props=\"{&quot;134245418&quot;:true,&quot;134245529&quot;:true,&quot;335559738&quot;:480,&quot;335559739&quot;:0}\">\u00a0<\/span><\/p><ol><li><span data-contrast=\"auto\"> Przestrze\u0144 coworkingowa jest dost\u0119pna dla u\u017cytkownik\u00f3w w dni robocze w godzinach 7:00\u201317:00.<\/span><\/li><li><span data-contrast=\"auto\"> Przebywanie na terenie biura poza godzinami otwarcia jest zabronione bez uprzedniej zgody Us\u0142ugodawcy.<\/span><\/li><li><span data-contrast=\"auto\"> Dost\u0119p do przestrzeni mo\u017cliwy jest wy\u0142\u0105cznie po zaksi\u0119gowaniu pe\u0142nej op\u0142aty najmu oraz wygenerowaniu kodu dost\u0119pu przez Us\u0142ugodawc\u0119.<\/span><\/li><li><span data-contrast=\"auto\"> W przypadku najmu d\u0142ugoterminowego (tygodniowego i d\u0142u\u017cszego), rozpocz\u0119cie korzystania mo\u017cliwe jest wy\u0142\u0105cznie od poniedzia\u0142ku danego tygodnia, chyba \u017ce ustalono inaczej z Us\u0142ugodawc\u0105.<\/span><\/li><\/ol><p aria-level=\"1\"><b><span data-contrast=\"none\">\u00a73 Zasady korzystania<\/span><\/b><span data-ccp-props=\"{&quot;134245418&quot;:true,&quot;134245529&quot;:true,&quot;335559738&quot;:480,&quot;335559739&quot;:0}\">\u00a0<\/span><\/p><ol><li><span data-contrast=\"auto\"> U\u017cytkownicy zobowi\u0105zani s\u0105 do korzystania z przestrzeni w spos\u00f3b zgodny z jej przeznaczeniem oraz z poszanowaniem innych os\u00f3b.<\/span><br \/><span data-contrast=\"auto\">2. Zabronione jest:<\/span><br \/><span data-contrast=\"auto\">\u00a0\u00a0 a) palenie tytoniu, papieros\u00f3w elektronicznych (e-papieros\u00f3w) oraz u\u017cywanie urz\u0105dze\u0144 typu IQOS i podgrzewaczy tytoniu itp.\u00a0<\/span><span data-ccp-props=\"{&quot;335559739&quot;:0}\">\u00a0<\/span><\/li><li><span data-contrast=\"auto\"> b) u\u017cywanie otwartego ognia,<\/span><br \/><span data-contrast=\"auto\">\u00a0\u00a0 c) spo\u017cywanie alkoholu oraz za\u017cywanie substancji odurzaj\u0105cych,<\/span><span data-ccp-props=\"{&quot;335559739&quot;:0}\">\u00a0<\/span><\/li><li><span data-contrast=\"auto\"> d) posiadanie lub przechowywanie \u015brodk\u00f3w odurzaj\u0105cych, substancji psychotropowych,<\/span><br \/><span data-contrast=\"auto\">\u00a0\u00a0 e) wprowadzanie zwierz\u0105t bez zgody Us\u0142ugodawcy,<\/span>\u00a0<br \/><span data-contrast=\"auto\">\u00a0\u00a0 f) ha\u0142asowanie oraz prowadzenie g\u0142o\u015bnych rozm\u00f3w telefonicznych.<\/span>\u00a0<br \/><span data-contrast=\"auto\"> Najemcy korzystaj\u0105cy z przestrzeni co najmniej przez 7 dni maj\u0105 prawo do 1 godziny bezp\u0142atnego korzystania z salki spotka\u0144 tygodniowo, po wcze\u015bniejszej rezerwacji.<\/span><span data-ccp-props=\"{&quot;335559739&quot;:0}\">\u00a0<\/span><\/li><li><span data-contrast=\"auto\"> U\u017cytkownicy mog\u0105 dodatkowo wynaj\u0105\u0107 salk\u0119 konferencyjn\u0105 wed\u0142ug dost\u0119pno\u015bci, na zasadach okre\u015blonych przez Us\u0142ugodawc\u0119 i zgodnie z aktualnym cennikiem. W celu skorzystania z salki konferencyjnej obowi\u0105zuje wcze\u015bniejsza rezerwacja.<\/span><br \/><span data-contrast=\"auto\">5. U\u017cytkownik zobowi\u0105zuje si\u0119 do utrzymania czysto\u015bci i porz\u0105dku w miejscu pracy oraz we wsp\u00f3lnych przestrzeniach.<\/span><\/li><li><span data-contrast=\"auto\">6. Dost\u0119p do kawy, herbaty, Wi-Fi oraz mini aneksu kuchennego jest wliczony w cen\u0119 wynajmu.<\/span><br \/><span data-contrast=\"auto\">7. U\u017cytkownicy nie maj\u0105 prawa do dokonywania zmian w wyposa\u017ceniu przestrzeni bez zgody Us\u0142ugodawcy.<\/span><\/li><li><span data-contrast=\"auto\">8. U\u017cytkownik zobowi\u0105zany jest do zachowania poufno\u015bci w zakresie indywidualnych kod\u00f3w dost\u0119pu do przestrzeni. Udost\u0119pnianie kod\u00f3w osobom trzecim jest zabronione i mo\u017ce skutkowa\u0107 natychmiastowym zako\u0144czeniem wsp\u00f3\u0142pracy przez Us\u0142ugodawc\u0119.<\/span><\/li><\/ol><p aria-level=\"1\"><b><span data-contrast=\"none\">\u00a74 Odpowiedzialno\u015b\u0107<\/span><\/b><span data-ccp-props=\"{&quot;134245418&quot;:true,&quot;134245529&quot;:true,&quot;335559738&quot;:480,&quot;335559739&quot;:0}\">\u00a0<\/span><\/p><ol><li><span data-contrast=\"auto\"> U\u017cytkownik ponosi pe\u0142n\u0105 odpowiedzialno\u015b\u0107 materialn\u0105 za szkody wyrz\u0105dzone w przestrzeni coworkingowej z jego winy.<\/span><br \/><span data-contrast=\"auto\">2. Us\u0142ugodawca nie ponosi odpowiedzialno\u015bci za rzeczy osobiste pozostawione bez nadzoru.<\/span><\/li><li><span data-contrast=\"auto\"> W przypadku ra\u017c\u0105cego naruszenia regulaminu (np. zachowanie agresywne, spo\u017cywanie alkoholu, niszczenie mienia), Us\u0142ugodawca zastrzega sobie prawo do natychmiastowego wypowiedzenia umowy najmu.\u201d<\/span><\/li><\/ol><p aria-level=\"1\"><b><span data-contrast=\"none\">\u00a75 Postanowienia ko\u0144cowe<\/span><\/b><span data-ccp-props=\"{&quot;134245418&quot;:true,&quot;134245529&quot;:true,&quot;335559738&quot;:480,&quot;335559739&quot;:0}\">\u00a0<\/span><\/p><ol><li><span data-contrast=\"auto\"> Us\u0142ugodawca zastrzega sobie prawo do zmiany regulaminu, o czym poinformuje u\u017cytkownik\u00f3w drog\u0105 mailow\u0105 lub poprzez system rezerwacji.<\/span><br \/><span data-contrast=\"auto\">2. Korzystanie z przestrzeni oznacza akceptacj\u0119 niniejszego regulaminu.<\/span><br \/><span data-contrast=\"auto\">3. W sprawach nieuregulowanych regulaminem zastosowanie maj\u0105 przepisy Kodeksu cywilnego.<\/span><span data-ccp-props=\"{}\">\u00a0<\/span><\/li><\/ol>\t\t\t\t\t\t\t\t<\/div>\n\t\t\t\t<\/div>\n\t\t\t\t\t<\/div>\n\t\t\t\t<\/div>\n\t\t\t\t<\/div>\n\t\t","protected":false},"excerpt":{"rendered":"<p>REGULAMIN KORZYSTANIA Z PRZESTRZENI COWORKINGOWEJ\u00a0 \u00a71 Postanowienia og\u00f3lne\u00a0 Niniejszy regulamin okre\u015bla zasady korzystania z przestrzeni coworkingowej udost\u0119pnionej przez Us\u0142ugodawc\u0119.2. Ka\u017cdy u\u017cytkownik korzystaj\u0105cy z przestrzeni coworkingowej zobowi\u0105zany jest do przestrzegania niniejszego regulaminu.3. Przestrze\u0144 coworkingowa przeznaczona jest do cichej pracy indywidualnej lub zespo\u0142owej, zgodnie z jej charakterem.\u00a0 \u00a72 Godziny dost\u0119pno\u015bci\u00a0 Przestrze\u0144 coworkingowa jest dost\u0119pna dla u\u017cytkownik\u00f3w w dni robocze w godzinach 7:00\u201317:00. Przebywanie na terenie biura poza godzinami otwarcia jest zabronione bez uprzedniej zgody Us\u0142ugodawcy. Dost\u0119p do przestrzeni mo\u017cliwy jest wy\u0142\u0105cznie po zaksi\u0119gowaniu pe\u0142nej op\u0142aty najmu oraz wygenerowaniu kodu dost\u0119pu przez Us\u0142ugodawc\u0119. W przypadku najmu d\u0142ugoterminowego (tygodniowego i d\u0142u\u017cszego), rozpocz\u0119cie korzystania mo\u017cliwe jest wy\u0142\u0105cznie od poniedzia\u0142ku danego tygodnia, chyba \u017ce ustalono inaczej z Us\u0142ugodawc\u0105. \u00a73 Zasady korzystania\u00a0 U\u017cytkownicy zobowi\u0105zani s\u0105 do korzystania z przestrzeni w spos\u00f3b zgodny z jej przeznaczeniem oraz z poszanowaniem innych os\u00f3b.2. Zabronione jest:\u00a0\u00a0 a) palenie tytoniu, papieros\u00f3w elektronicznych (e-papieros\u00f3w) oraz u\u017cywanie urz\u0105dze\u0144 typu IQOS i podgrzewaczy tytoniu itp.\u00a0\u00a0 b) u\u017cywanie otwartego ognia,\u00a0\u00a0 c) spo\u017cywanie alkoholu oraz za\u017cywanie substancji odurzaj\u0105cych,\u00a0 d) posiadanie lub przechowywanie \u015brodk\u00f3w odurzaj\u0105cych, substancji psychotropowych,\u00a0\u00a0 e) wprowadzanie zwierz\u0105t bez zgody Us\u0142ugodawcy,\u00a0\u00a0\u00a0 f) ha\u0142asowanie oraz prowadzenie g\u0142o\u015bnych rozm\u00f3w telefonicznych.\u00a0 Najemcy korzystaj\u0105cy z przestrzeni co najmniej przez 7 dni maj\u0105 prawo do 1 godziny bezp\u0142atnego korzystania z salki spotka\u0144 tygodniowo, po wcze\u015bniejszej rezerwacji.\u00a0 U\u017cytkownicy mog\u0105 dodatkowo wynaj\u0105\u0107 salk\u0119 konferencyjn\u0105 wed\u0142ug dost\u0119pno\u015bci, na zasadach okre\u015blonych przez Us\u0142ugodawc\u0119 i zgodnie z aktualnym cennikiem. W celu skorzystania z salki konferencyjnej obowi\u0105zuje wcze\u015bniejsza rezerwacja.5. U\u017cytkownik zobowi\u0105zuje si\u0119 do utrzymania czysto\u015bci i porz\u0105dku w miejscu pracy oraz we wsp\u00f3lnych przestrzeniach. 6. Dost\u0119p do kawy, herbaty, Wi-Fi oraz mini aneksu kuchennego jest wliczony w cen\u0119 wynajmu.7. U\u017cytkownicy nie maj\u0105 prawa do dokonywania zmian w wyposa\u017ceniu przestrzeni bez zgody Us\u0142ugodawcy. 8. U\u017cytkownik zobowi\u0105zany jest do zachowania poufno\u015bci w zakresie indywidualnych kod\u00f3w dost\u0119pu do przestrzeni. Udost\u0119pnianie kod\u00f3w osobom trzecim jest zabronione i mo\u017ce skutkowa\u0107 natychmiastowym zako\u0144czeniem wsp\u00f3\u0142pracy przez Us\u0142ugodawc\u0119. \u00a74 Odpowiedzialno\u015b\u0107\u00a0 U\u017cytkownik ponosi pe\u0142n\u0105 odpowiedzialno\u015b\u0107 materialn\u0105 za szkody wyrz\u0105dzone w przestrzeni coworkingowej z jego winy.2. Us\u0142ugodawca nie ponosi odpowiedzialno\u015bci za rzeczy osobiste pozostawione bez nadzoru. W przypadku ra\u017c\u0105cego naruszenia regulaminu (np. zachowanie agresywne, spo\u017cywanie alkoholu, niszczenie mienia), Us\u0142ugodawca zastrzega sobie prawo do natychmiastowego wypowiedzenia umowy najmu.\u201d \u00a75 Postanowienia ko\u0144cowe\u00a0 Us\u0142ugodawca zastrzega sobie prawo do zmiany regulaminu, o czym poinformuje u\u017cytkownik\u00f3w drog\u0105 mailow\u0105 lub poprzez system rezerwacji.2. Korzystanie z przestrzeni oznacza akceptacj\u0119 niniejszego regulaminu.3. W sprawach nieuregulowanych regulaminem zastosowanie maj\u0105 przepisy Kodeksu cywilnego.\u00a0<\/p>\n","protected":false},"author":1,"featured_media":0,"parent":0,"menu_order":0,"comment_status":"closed","ping_status":"closed","template":"","meta":{"footnotes":""},"class_list":["post-816","page","type-page","status-publish","hentry"],"_links":{"self":[{"href":"https:\/\/splotcowork.pl\/index.php?rest_route=\/wp\/v2\/pages\/816","targetHints":{"allow":["GET"]}}],"collection":[{"href":"https:\/\/splotcowork.pl\/index.php?rest_route=\/wp\/v2\/pages"}],"about":[{"href":"https:\/\/splotcowork.pl\/index.php?rest_route=\/wp\/v2\/types\/page"}],"author":[{"embeddable":true,"href":"https:\/\/splotcowork.pl\/index.php?rest_route=\/wp\/v2\/users\/1"}],"replies":[{"embeddable":true,"href":"https:\/\/splotcowork.pl\/index.php?rest_route=%2Fwp%2Fv2%2Fcomments&post=816"}],"version-history":[{"count":4,"href":"https:\/\/splotcowork.pl\/index.php?rest_route=\/wp\/v2\/pages\/816\/revisions"}],"predecessor-version":[{"id":820,"href":"https:\/\/splotcowork.pl\/index.php?rest_route=\/wp\/v2\/pages\/816\/revisions\/820"}],"wp:attachment":[{"href":"https:\/\/splotcowork.pl\/index.php?rest_route=%2Fwp%2Fv2%2Fmedia&parent=816"}],"curies":[{"name":"wp","href":"https:\/\/api.w.org\/{rel}","templated":true}]}}